{"id":1734,"date":"2020-12-19T05:25:42","date_gmt":"2020-12-19T05:25:42","guid":{"rendered":"http:\/\/maxlingu.com\/?page_id=1734"},"modified":"2022-02-22T12:18:32","modified_gmt":"2022-02-22T12:18:32","slug":"portugues","status":"publish","type":"page","link":"https:\/\/maxlingu.com\/index.php\/portugues\/","title":{"rendered":"Portugu\u00e9s &#8211; pago"},"content":{"rendered":"<p>[et_pb_section fb_built=&#8221;1&#8243; admin_label=&#8221;Header&#8221; _builder_version=&#8221;4.7.6&#8243; background_enable_color=&#8221;off&#8221; background_enable_image=&#8221;off&#8221; parallax=&#8221;on&#8221; custom_padding=&#8221;0vw||0||false|false&#8221; bottom_divider_style=&#8221;slant2&#8243; bottom_divider_color=&#8221;#000000&#8243; bottom_divider_height=&#8221;14px&#8221; background_size__hover=&#8221;cover&#8221; background_size__hover_enabled=&#8221;cover&#8221;][et_pb_row _builder_version=&#8221;4.7.6&#8243; _module_preset=&#8221;default&#8221;][et_pb_column type=&#8221;4_4&#8243; _builder_version=&#8221;4.7.6&#8243; _module_preset=&#8221;default&#8221;][et_pb_text _builder_version=&#8221;4.7.6&#8243; _module_preset=&#8221;default&#8221; header_font=&#8221;|700||on|||||&#8221; header_text_align=&#8221;center&#8221; header_text_color=&#8221;#ffffff&#8221; header_font_size=&#8221;55px&#8221; header_letter_spacing=&#8221;4px&#8221; background_color=&#8221;#000000&#8243; transform_scale=&#8221;144%|144%&#8221; custom_padding=&#8221;3px|||||&#8221;]<\/p>\n<h1 style=\"text-align: center;\"><span style=\"font-size: 32px;\">portugues<\/span><\/h1>\n<p>[\/et_pb_text][\/et_pb_column][\/et_pb_row][\/et_pb_section][et_pb_section fb_built=&#8221;1&#8243; _builder_version=&#8221;4.7.6&#8243; _module_preset=&#8221;default&#8221;][et_pb_row _builder_version=&#8221;4.7.6&#8243; _module_preset=&#8221;default&#8221; custom_padding=&#8221;48px|||||&#8221;][et_pb_column type=&#8221;4_4&#8243; _builder_version=&#8221;4.7.6&#8243; _module_preset=&#8221;default&#8221;][et_pb_button button_url=&#8221;https:\/\/maxlingu.com\/&#8221; button_text=&#8221;Regresar&#8221; button_alignment=&#8221;left&#8221; _builder_version=&#8221;4.7.6&#8243; _module_preset=&#8221;default&#8221;][\/et_pb_button][\/et_pb_column][\/et_pb_row][\/et_pb_section][et_pb_section fb_built=&#8221;1&#8243; specialty=&#8221;on&#8221; _builder_version=&#8221;4.7.6&#8243; _module_preset=&#8221;default&#8221;][et_pb_column type=&#8221;1_2&#8243; _builder_version=&#8221;3.25&#8243; custom_padding=&#8221;|||&#8221; custom_padding__hover=&#8221;|||&#8221;][et_pb_text _builder_version=&#8221;4.7.6&#8243; _module_preset=&#8221;default&#8221; background_color=&#8221;rgba(0,0,0,0)&#8221; custom_margin=&#8221;-6px|||||&#8221;]<\/p>\n<h1><\/h1>\n<h1><\/h1>\n<h1 style=\"text-align: justify;\"><\/h1>\n<h1 style=\"text-align: left;\"><strong>CURSO DE PORTUGU\u00c9S B\u00c1SICO (VIRTUAL)<\/strong><\/h1>\n<p style=\"text-align: left;\"><strong><\/strong><\/p>\n<p style=\"text-align: left;\"><strong><\/strong><\/p>\n<p style=\"text-align: left;\"><strong><\/strong><\/p>\n<p>[\/et_pb_text][et_pb_text _builder_version=&#8221;4.7.6&#8243; _module_preset=&#8221;default&#8221;]<\/p>\n<h2><strong>1 CLASE DIARIA\u00a0<\/strong><\/h2>\n<p>S\u00e1bados 3 horas en vivo<\/p>\n<h2><strong>CAMPUS VIRTUAL 24\/7.\u00a0 \u00a0 \u00a0 \u00a0 \u00a0 \u00a0 \u00a0 \u00a0 \u00a0 \u00a0 \u00a0 \u00a0 \u00a0 \u00a0 \u00a0 \u00a0 \u00a0 \u00a0 <\/strong><\/h2>\n<h2><strong><\/strong><\/h2>\n<h2><strong>CLUB CONVERSACIONAL<\/strong><\/h2>\n<p>&nbsp;<\/p>\n<p>[\/et_pb_text][et_pb_text _builder_version=&#8221;4.7.6&#8243; _module_preset=&#8221;default&#8221;]<\/p>\n<p>&nbsp;<\/p>\n<h2>DURACI\u00d3N 120 HORAS (5 MESES)<\/h2>\n<p>[\/et_pb_text][\/et_pb_column][et_pb_column type=&#8221;1_2&#8243; specialty_columns=&#8221;2&#8243; _builder_version=&#8221;3.25&#8243; custom_padding=&#8221;|||&#8221; custom_padding__hover=&#8221;|||&#8221;][et_pb_row_inner _builder_version=&#8221;4.7.6&#8243; _module_preset=&#8221;default&#8221; custom_padding=&#8221;26px|||||&#8221;][et_pb_column_inner saved_specialty_column_type=&#8221;1_2&#8243; _builder_version=&#8221;4.7.6&#8243; _module_preset=&#8221;default&#8221;][et_pb_text _builder_version=&#8221;4.7.6&#8243; _module_preset=&#8221;default&#8221; background_color=&#8221;#ffffff&#8221; custom_margin=&#8221;32px|||100px||&#8221; custom_padding=&#8221;1px|14px||4px||&#8221;]<\/p>\n<h1>Valor sin descuento $ 170.000<strong><\/strong><\/h1>\n<h1><strong><\/strong><\/h1>\n<h1><strong>HOY: $139.400<\/strong><\/h1>\n<p><span style=\"color: #f9022b;\"><strong>En todas las mensualidades<\/strong><\/span><\/p>\n<p>[\/et_pb_text][et_pb_blurb title=&#8221;TE GARANTIZAMOS CLASES EN VIVO&#8221; use_icon=&#8221;on&#8221; font_icon=&#8221;%%302%%&#8221; use_icon_font_size=&#8221;on&#8221; icon_font_size=&#8221;120px&#8221; _builder_version=&#8221;4.7.6&#8243; _module_preset=&#8221;default&#8221; header_level=&#8221;h1&#8243; header_font=&#8221;|600|||||||&#8221; header_text_color=&#8221;#000000&#8243; header_font_size=&#8221;40px&#8221; text_orientation=&#8221;center&#8221; custom_padding=&#8221;49px|0px|0px|32px||&#8221;][\/et_pb_blurb][\/et_pb_column_inner][\/et_pb_row_inner][\/et_pb_column][\/et_pb_section][et_pb_section fb_built=&#8221;1&#8243; _builder_version=&#8221;4.7.6&#8243; _module_preset=&#8221;default&#8221; min_height=&#8221;639.8px&#8221; custom_margin=&#8221;||-194px|||&#8221; custom_padding=&#8221;|4px|0px|||&#8221;][et_pb_row _builder_version=&#8221;4.7.6&#8243; _module_preset=&#8221;default&#8221; background_color=&#8221;rgba(0,0,0,0)&#8221;][et_pb_column type=&#8221;4_4&#8243; _builder_version=&#8221;4.7.6&#8243; _module_preset=&#8221;default&#8221; background_color=&#8221;#ffffff&#8221;][et_pb_countdown_timer title=&#8221;El 15% de descuento en el valor de todas las mensualidades finaliza en: &#8221; date_time=&#8221;2021-01-18 05:40&#8243; _builder_version=&#8221;4.7.6&#8243; _module_preset=&#8221;default&#8221; separator_text_color=&#8221;#d6d6d6&#8243; separator_font_size=&#8221;25px&#8221; background_color=&#8221;#ffffff&#8221; background_layout=&#8221;light&#8221; custom_margin=&#8221;-3px|||||&#8221; custom_padding=&#8221;38px|||||&#8221; border_width_all=&#8221;2px&#8221;][\/et_pb_countdown_timer][et_pb_button button_url=&#8221;https:\/\/payco.link\/761231&#8243; button_text=&#8221;PAGAR MENSUALIDAD &#8221; _builder_version=&#8221;4.7.6&#8243; _module_preset=&#8221;default&#8221; custom_button=&#8221;on&#8221; button_text_size=&#8221;50px&#8221; button_text_color=&#8221;#7cda24&#8243; button_bg_color=&#8221;#ffffff&#8221; custom_margin=&#8221;82px|3px||||&#8221; custom_padding=&#8221;6px|8px||1px||&#8221;][\/et_pb_button][\/et_pb_column][\/et_pb_row][\/et_pb_section][et_pb_section fb_built=&#8221;1&#8243; _builder_version=&#8221;4.7.6&#8243; _module_preset=&#8221;default&#8221; custom_padding=&#8221;10px||13px|||&#8221;][et_pb_row _builder_version=&#8221;4.7.6&#8243; _module_preset=&#8221;default&#8221; custom_margin=&#8221;9px|auto||auto||&#8221;][et_pb_column type=&#8221;4_4&#8243; _builder_version=&#8221;4.7.6&#8243; _module_preset=&#8221;default&#8221;][et_pb_text _builder_version=&#8221;4.7.6&#8243; _module_preset=&#8221;default&#8221;]<\/p>\n<p>&nbsp;<\/p>\n<p>&nbsp;<\/p>\n<h2><strong>HORARIOS DISPONIBLES<\/strong><\/h2>\n<ul>\n<li>S\u00c1BADOS: 2:00 &#8211; 5:00 pm<\/li>\n<\/ul>\n<p>El horario se habilitar\u00e1 teniendo en cuenta el n\u00famero m\u00ednimo de estudiantes matriculados\u00a0<\/p>\n<p>[\/et_pb_text][\/et_pb_column][\/et_pb_row][\/et_pb_section][et_pb_section fb_built=&#8221;1&#8243; _builder_version=&#8221;4.7.6&#8243; _module_preset=&#8221;default&#8221; custom_padding=&#8221;2px||2px|||&#8221;][et_pb_row _builder_version=&#8221;4.7.6&#8243; _module_preset=&#8221;default&#8221;][et_pb_column type=&#8221;4_4&#8243; _builder_version=&#8221;4.7.6&#8243; _module_preset=&#8221;default&#8221;][et_pb_text _builder_version=&#8221;4.7.6&#8243; _module_preset=&#8221;default&#8221;]<\/p>\n<p>&nbsp;<\/p>\n<p>&nbsp;<\/p>\n<h2><strong>REQUISITOS DE INSCRIPCI\u00d3N<\/strong><\/h2>\n<p><strong>Para inscribirte y ser parte de nuestra familia Lingu.\u00a0<\/strong><\/p>\n<ol>\n<li>Completa el formulario de inscripci\u00f3n que se encuentra en<span>\u00a0<\/span><a href=\"https:\/\/idiomasblendex.com\/inscripciones\/?curso=Franc%C3%A9s%20B%C3%A1sico%20en%20vivo\"><\/a><span>\u00a0<\/span>y adjunta:<\/li>\n<\/ol>\n<p><span>&#8211; Soporte de pago legible de la primera mensualidad del programa.<\/span><\/p>\n<p><span>&#8211; Imagen legible del documento de identidad por ambos lados (tarjeta de identidad, c\u00e9dula de ciudadan\u00eda, c\u00e9dula de extranjer\u00eda, PEP o pasaporte).<\/span><\/p>\n<p><span><\/span><\/p>\n<p><span><\/span><\/p>\n<p><span><\/span><\/p>\n<p>[\/et_pb_text][et_pb_button button_url=&#8221;https:\/\/maxlingu.com\/index.php\/inscripcion-portugues\/&#8221; button_text=&#8221;REALIZAR INSCRIPCI\u00d3N&#8221; button_alignment=&#8221;left&#8221; _builder_version=&#8221;4.7.6&#8243; _module_preset=&#8221;default&#8221; custom_button=&#8221;on&#8221; button_text_size=&#8221;50px&#8221; button_text_color=&#8221;#7cda24&#8243; button_bg_color=&#8221;#ffffff&#8221; custom_margin=&#8221;|0px||||&#8221; custom_padding=&#8221;|7px||0px||&#8221;][\/et_pb_button][et_pb_text _builder_version=&#8221;4.7.6&#8243; _module_preset=&#8221;default&#8221; custom_margin=&#8221;||75px|||&#8221; custom_padding=&#8221;0px|||||&#8221;]<\/p>\n<p>&nbsp;<\/p>\n<p>&nbsp;<\/p>\n<h2><b>TEN ENCUENTA!!!<\/b><\/h2>\n<p><span>Para inscribirte en nuestro Centro de Idiomas debes tener m\u00ednimo doce (12) a\u00f1os de edad. Si eres menor de edad, debes realizar el proceso de inscripci\u00f3n en compa\u00f1\u00eda de tu acudiente o de un adulto responsable.<\/span><\/p>\n<p>[\/et_pb_text][\/et_pb_column][\/et_pb_row][\/et_pb_section][et_pb_section fb_built=&#8221;1&#8243; _builder_version=&#8221;4.7.6&#8243; _module_preset=&#8221;default&#8221; custom_padding=&#8221;0px|||||&#8221;][et_pb_row column_structure=&#8221;1_2,1_2&#8243; _builder_version=&#8221;4.7.6&#8243; _module_preset=&#8221;default&#8221;][et_pb_column type=&#8221;1_2&#8243; _builder_version=&#8221;4.7.6&#8243; _module_preset=&#8221;default&#8221;][et_pb_blurb title=&#8221;SIN CLAUSULA DE PERMANENCIA&#8221; use_icon=&#8221;on&#8221; font_icon=&#8221;%%273%%&#8221; _builder_version=&#8221;4.7.6&#8243; _module_preset=&#8221;default&#8221; header_font=&#8221;|600||||on|||&#8221; header_text_align=&#8221;center&#8221; header_font_size=&#8221;22px&#8221; text_orientation=&#8221;justified&#8221;]<\/p>\n<p style=\"text-align: justify;\"><span><\/span><\/p>\n<p><span><\/span><\/p>\n<p><span>En el Centro de Idiomas Lingu\u00a0<\/span><strong>no establecemos cl\u00e1usulas de permanencia<\/strong><span>, lo que significa que en caso de querer detener tu proceso, podr\u00e1s formalizar tu retiro ante instancias administrativas antes de que finalice el mes en curso. De esta forma, no pagar\u00e1s el valor de las siguientes mensualidades, debido a que la facturaci\u00f3n se realiza de manera peri\u00f3dica el primer d\u00eda h\u00e1bil de cada mes.<\/span><\/p>\n<p>[\/et_pb_blurb][\/et_pb_column][et_pb_column type=&#8221;1_2&#8243; _builder_version=&#8221;4.7.6&#8243; _module_preset=&#8221;default&#8221;][et_pb_blurb title=&#8221;CALIDAD&#8221; use_icon=&#8221;on&#8221; font_icon=&#8221;%%57%%&#8221; content_max_width=&#8221;407px&#8221; _builder_version=&#8221;4.7.6&#8243; _module_preset=&#8221;default&#8221; header_font=&#8221;|600|||||||&#8221; header_text_align=&#8221;center&#8221; header_font_size=&#8221;23px&#8221; header_letter_spacing=&#8221;3px&#8221; background_color=&#8221;#ffffff&#8221; text_orientation=&#8221;center&#8221; width=&#8221;99.9%&#8221; custom_margin=&#8221;|0px|||false|false&#8221; custom_padding=&#8221;0px|0px||1px||&#8221;]<\/p>\n<ul>\n<li style=\"text-align: justify;\"><span>Interacci\u00f3n con profesores y compa\u00f1eros de diferentes partes del mundo. <\/span><\/li>\n<li style=\"text-align: justify;\"><span>Profesores calificados y certificados.\u00a0<\/span><\/li>\n<li style=\"text-align: justify;\"><span style=\"font-size: 14px;\">Campus virtual, personalizado y adaptado a tus necesidades.<\/span><\/li>\n<li style=\"text-align: justify;\">Expedici\u00f3n de certificados de calidad.<span style=\"font-size: 14px;\"><\/span><\/li>\n<\/ul>\n<p><span><\/span><\/p>\n<p><span><\/span><\/p>\n<p><span><\/span><\/p>\n<p>[\/et_pb_blurb][\/et_pb_column][\/et_pb_row][\/et_pb_section][et_pb_section fb_built=&#8221;1&#8243; admin_label=&#8221;FAQ&#8221; _builder_version=&#8221;4.7.6&#8243; background_color=&#8221;#000000&#8243; custom_padding=&#8221;0px|||||&#8221; top_divider_color=&#8221;#1a1844&#8243; top_divider_flip=&#8221;horizontal&#8221; top_divider_arrangement=&#8221;above_content&#8221; bottom_divider_color=&#8221;#1a1844&#8243; bottom_divider_arrangement=&#8221;above_content&#8221;][et_pb_row _builder_version=&#8221;3.25&#8243;][et_pb_column type=&#8221;4_4&#8243; _builder_version=&#8221;3.25&#8243; custom_padding=&#8221;|||&#8221; custom_padding__hover=&#8221;|||&#8221;][et_pb_text _builder_version=&#8221;3.27.4&#8243; text_font=&#8221;||||||||&#8221; header_font=&#8221;||||||||&#8221; header_2_font=&#8221;Lato|700|||||||&#8221; header_2_font_size=&#8221;52px&#8221; header_2_line_height=&#8221;1.2em&#8221; text_orientation=&#8221;center&#8221; background_layout=&#8221;dark&#8221; custom_padding=&#8221;50px||48px|||&#8221; header_2_font_size_tablet=&#8221;&#8221; header_2_font_size_phone=&#8221;36px&#8221; header_2_font_size_last_edited=&#8221;on|phone&#8221; locked=&#8221;off&#8221;]<\/p>\n<h2>Preguntas Frecuentes<\/h2>\n<p>[\/et_pb_text][et_pb_divider color=&#8221;#7cda24&#8243; divider_weight=&#8221;5px&#8221; _builder_version=&#8221;4.7.6&#8243; max_width=&#8221;120px&#8221; module_alignment=&#8221;center&#8221; locked=&#8221;off&#8221;][\/et_pb_divider][\/et_pb_column][\/et_pb_row][et_pb_row column_structure=&#8221;1_2,1_2&#8243; _builder_version=&#8221;4.7.6&#8243; custom_padding=&#8221;||36px|||&#8221;][et_pb_column type=&#8221;1_2&#8243; _builder_version=&#8221;3.25&#8243; custom_padding=&#8221;|||&#8221; custom_padding__hover=&#8221;|||&#8221;][et_pb_toggle title=&#8221;\u00bfEl descuento que me brindan es para todo el curso?&#8221; open_toggle_background_color=&#8221;rgba(0,0,0,0)&#8221; closed_toggle_background_color=&#8221;rgba(0,0,0,0)&#8221; icon_color=&#8221;rgba(255,255,255,0.12)&#8221; _builder_version=&#8221;3.17.2&#8243; title_text_color=&#8221;#ffffff&#8221; title_font=&#8221;Lato|700|||||||&#8221; title_font_size=&#8221;14px&#8221; title_line_height=&#8221;1.8em&#8221; body_font=&#8221;Raleway||||||||&#8221; body_text_color=&#8221;#ffffff&#8221; body_font_size=&#8221;16px&#8221; body_line_height=&#8221;1.8em&#8221; custom_margin=&#8221;||0px|&#8221; custom_padding=&#8221;|34px||34px||true&#8221; title_font_size_tablet=&#8221;16px&#8221; title_font_size_last_edited=&#8221;off|desktop&#8221; border_width_all=&#8221;0px&#8221; border_width_bottom=&#8221;1px&#8221; border_color_bottom=&#8221;rgba(255,255,255,0.15)&#8221;]<\/p>\n<p style=\"text-align: justify;\"><span>S\u00ed, tu descuento se aplica a todas las mensualidades que necesitas para desarrollar el programa.\u00a0<\/span><\/p>\n<p>[\/et_pb_toggle][et_pb_toggle title=&#8221;\u00bfCu\u00e1nta experiencia tienen en la ense\u00f1anza de los idiomas?&#8221; open_toggle_background_color=&#8221;rgba(0,0,0,0)&#8221; closed_toggle_background_color=&#8221;rgba(0,0,0,0)&#8221; icon_color=&#8221;rgba(255,255,255,0.12)&#8221; _builder_version=&#8221;3.17.2&#8243; title_text_color=&#8221;#ffffff&#8221; title_font=&#8221;Lato|700|||||||&#8221; title_font_size=&#8221;14px&#8221; title_line_height=&#8221;1.8em&#8221; body_font=&#8221;Raleway||||||||&#8221; body_text_color=&#8221;#ffffff&#8221; body_font_size=&#8221;16px&#8221; body_line_height=&#8221;1.8em&#8221; custom_margin=&#8221;||0px|&#8221; custom_padding=&#8221;|33px||33px||true&#8221; title_font_size_tablet=&#8221;16px&#8221; title_font_size_last_edited=&#8221;off|desktop&#8221; border_width_all=&#8221;0px&#8221; border_width_bottom=&#8221;1px&#8221; border_color_bottom=&#8221;rgba(255,255,255,0.15)&#8221;]<\/p>\n<p style=\"text-align: justify;\">A la fecha contamos con 10 a\u00f1os de experiencia direccionada a la ense\u00f1anza y aprendizaje de segundas lenguas.\u00a0<\/p>\n<p>[\/et_pb_toggle][et_pb_toggle title=&#8221;\u00bfDebo realizar pago de materiales extras?&#8221; open_toggle_background_color=&#8221;rgba(0,0,0,0)&#8221; closed_toggle_background_color=&#8221;rgba(0,0,0,0)&#8221; icon_color=&#8221;rgba(255,255,255,0.12)&#8221; _builder_version=&#8221;3.17.2&#8243; title_text_color=&#8221;#ffffff&#8221; title_font=&#8221;Lato|700|||||||&#8221; title_font_size=&#8221;14px&#8221; title_line_height=&#8221;1.8em&#8221; body_font=&#8221;Raleway||||||||&#8221; body_text_color=&#8221;#ffffff&#8221; body_font_size=&#8221;16px&#8221; body_line_height=&#8221;1.8em&#8221; custom_margin=&#8221;|8px|0px|||&#8221; custom_padding=&#8221;|29px||29px||true&#8221; title_font_size_tablet=&#8221;16px&#8221; title_font_size_last_edited=&#8221;off|desktop&#8221; border_width_all=&#8221;0px&#8221; border_width_bottom=&#8221;1px&#8221; border_color_bottom=&#8221;rgba(255,255,255,0.15)&#8221;]<\/p>\n<p style=\"text-align: justify;\">No, tenemos un campus virtual dise\u00f1ado para suplir cada una de tus necesidades en el proceso de aprendizaje.\u00a0<\/p>\n<p>[\/et_pb_toggle][et_pb_toggle title=&#8221;\u00bfManejan clausula de permanencia?&#8221; open_toggle_background_color=&#8221;rgba(0,0,0,0)&#8221; closed_toggle_background_color=&#8221;rgba(0,0,0,0)&#8221; icon_color=&#8221;rgba(255,255,255,0.12)&#8221; _builder_version=&#8221;4.7.6&#8243; title_text_color=&#8221;#ffffff&#8221; title_font=&#8221;Lato|700|||||||&#8221; title_font_size=&#8221;14px&#8221; title_line_height=&#8221;1.8em&#8221; body_font=&#8221;Raleway||||||||&#8221; body_text_color=&#8221;#ffffff&#8221; body_font_size=&#8221;16px&#8221; body_line_height=&#8221;1.8em&#8221; custom_margin=&#8221;||0px|&#8221; custom_padding=&#8221;|30px||30px||true&#8221; title_font_size_tablet=&#8221;16px&#8221; title_font_size_last_edited=&#8221;off|desktop&#8221; border_width_all=&#8221;0px&#8221; border_width_bottom=&#8221;1px&#8221; border_color_bottom=&#8221;rgba(255,255,255,0.15)&#8221;]<\/p>\n<p style=\"text-align: justify;\">No, sin embargo todos nuestros estudiantes deben estar a paz y salvo para poder continuar con sus niveles de formaci\u00f3n y la obtenci\u00f3n de sus certificados acad\u00e9micos.<\/p>\n<p>[\/et_pb_toggle][\/et_pb_column][et_pb_column type=&#8221;1_2&#8243; _builder_version=&#8221;3.25&#8243; custom_padding=&#8221;|||&#8221; custom_padding__hover=&#8221;|||&#8221;][et_pb_toggle title=&#8221;\u00bfQu\u00e9 precio tienen los programas?&#8221; open_toggle_background_color=&#8221;rgba(0,0,0,0)&#8221; closed_toggle_background_color=&#8221;rgba(0,0,0,0)&#8221; icon_color=&#8221;rgba(255,255,255,0.12)&#8221; _builder_version=&#8221;4.7.6&#8243; title_text_color=&#8221;#ffffff&#8221; title_font=&#8221;Lato|700|||||||&#8221; title_font_size=&#8221;14px&#8221; title_line_height=&#8221;1.8em&#8221; body_font=&#8221;Raleway||||||||&#8221; body_text_color=&#8221;#ffffff&#8221; body_font_size=&#8221;16px&#8221; body_line_height=&#8221;1.8em&#8221; custom_margin=&#8221;||0px|6px||&#8221; custom_padding=&#8221;|22px||22px||true&#8221; title_font_size_tablet=&#8221;16px&#8221; title_font_size_last_edited=&#8221;off|desktop&#8221; border_width_all=&#8221;0px&#8221; border_width_bottom=&#8221;1px&#8221; border_color_bottom=&#8221;rgba(255,255,255,0.15)&#8221;]<\/p>\n<p>Nuestros programas normalmente manejan una mensualidad de 150.000 pesos colombianos.<\/p>\n<p>[\/et_pb_toggle][et_pb_toggle title=&#8221;\u00bfQu\u00e9 metodolog\u00eda utilizan para las clases?&#8221; open_toggle_background_color=&#8221;rgba(0,0,0,0)&#8221; closed_toggle_background_color=&#8221;rgba(0,0,0,0)&#8221; icon_color=&#8221;rgba(255,255,255,0.12)&#8221; _builder_version=&#8221;4.7.6&#8243; title_text_color=&#8221;#ffffff&#8221; title_font=&#8221;Lato|700|||||||&#8221; title_font_size=&#8221;14px&#8221; title_line_height=&#8221;1.8em&#8221; body_font=&#8221;Raleway||||||||&#8221; body_text_color=&#8221;#ffffff&#8221; body_font_size=&#8221;16px&#8221; body_line_height=&#8221;1.8em&#8221; custom_margin=&#8221;|-24px|0px|||&#8221; custom_padding=&#8221;|30px||30px||true&#8221; title_font_size_tablet=&#8221;16px&#8221; title_font_size_last_edited=&#8221;off|desktop&#8221; border_width_all=&#8221;0px&#8221; border_width_bottom=&#8221;1px&#8221; border_color_bottom=&#8221;rgba(255,255,255,0.15)&#8221;]<\/p>\n<p>Todos nuestros programos pueden ser recibidos de manera online o presencial seg\u00fan los acuerdos que se determinen en la realizaci\u00f3n del contrato de aprendizaje y ense\u00f1anza.\u00a0<\/p>\n<p>[\/et_pb_toggle][et_pb_toggle title=&#8221;\u00bfCu\u00e1nto tiempo duran los programas ?&#8221; open_toggle_background_color=&#8221;rgba(0,0,0,0)&#8221; closed_toggle_background_color=&#8221;rgba(0,0,0,0)&#8221; icon_color=&#8221;rgba(255,255,255,0.12)&#8221; _builder_version=&#8221;4.7.6&#8243; title_text_color=&#8221;#ffffff&#8221; title_font=&#8221;Lato|700|||||||&#8221; title_font_size=&#8221;14px&#8221; title_line_height=&#8221;1.8em&#8221; body_font=&#8221;Raleway||||||||&#8221; body_text_color=&#8221;#ffffff&#8221; body_font_size=&#8221;16px&#8221; body_line_height=&#8221;1.8em&#8221; custom_margin=&#8221;||0px|&#8221; custom_padding=&#8221;|30px||30px||true&#8221; title_font_size_tablet=&#8221;16px&#8221; title_font_size_last_edited=&#8221;off|desktop&#8221; border_width_all=&#8221;0px&#8221; border_width_bottom=&#8221;1px&#8221; border_color_bottom=&#8221;rgba(255,255,255,0.15)&#8221;]<\/p>\n<p>Este progrma en particular tiene una duraci\u00f3n de 120 horas, desarrolladas\u00a0 durante 5 meses.\u00a0<\/p>\n<p>[\/et_pb_toggle][et_pb_toggle title=&#8221;\u00bfQu\u00e9 certificado me entregan al finalizar el curso ?&#8221; open_toggle_background_color=&#8221;rgba(0,0,0,0)&#8221; closed_toggle_background_color=&#8221;rgba(0,0,0,0)&#8221; icon_color=&#8221;rgba(255,255,255,0.12)&#8221; _builder_version=&#8221;4.7.6&#8243; title_text_color=&#8221;#ffffff&#8221; title_font=&#8221;Lato|700|||||||&#8221; title_font_size=&#8221;14px&#8221; title_line_height=&#8221;1.8em&#8221; body_font=&#8221;Raleway||||||||&#8221; body_text_color=&#8221;#ffffff&#8221; body_font_size=&#8221;16px&#8221; body_line_height=&#8221;1.8em&#8221; custom_margin=&#8221;||0px|&#8221; custom_padding=&#8221;|30px||30px||true&#8221; title_font_size_tablet=&#8221;16px&#8221; title_font_size_last_edited=&#8221;off|desktop&#8221; border_width_all=&#8221;0px&#8221; border_width_bottom=&#8221;1px&#8221; border_color_bottom=&#8221;rgba(255,255,255,0.15)&#8221;]<\/p>\n<p><span id=\"sp_resp_7\">Al finalizar y aprobar el curso de Portugu\u00e9s, Lingu Online te otorgar\u00e1 una Constancia de asistencia por horas que incluye tu informaci\u00f3n personal, nombre del curso y duraci\u00f3n.<\/span><\/p>\n<p>[\/et_pb_toggle][\/et_pb_column][\/et_pb_row][\/et_pb_section][et_pb_section fb_built=&#8221;1&#8243; _builder_version=&#8221;4.7.6&#8243; _module_preset=&#8221;default&#8221;][et_pb_row _builder_version=&#8221;4.7.6&#8243; _module_preset=&#8221;default&#8221;][et_pb_column type=&#8221;4_4&#8243; _builder_version=&#8221;4.7.6&#8243; _module_preset=&#8221;default&#8221;][et_pb_text _builder_version=&#8221;4.7.6&#8243; _module_preset=&#8221;default&#8221; custom_padding=&#8221;0px|||||&#8221;]<\/p>\n<p><span><\/span><\/p>\n<p><span style=\"font-size: 14px;\">Nuestros cursos virtuales de portugu\u00e9s y espa\u00f1ol\u00a0 est\u00e1n enmarcados en el Decreto 1075 de 2015. Art. 2.6.6.8. del Ministerio de Educaci\u00f3n Nacional que regula la Educaci\u00f3n informal. Decreto \u00danico Reglamentario del Sector Educaci\u00f3n.<\/span><\/p>\n<p>&nbsp;<\/p>\n<p>[\/et_pb_text][\/et_pb_column][\/et_pb_row][\/et_pb_section]<\/p>\n","protected":false},"excerpt":{"rendered":"<p>[et_pb_section fb_built=&#8221;1&#8243; admin_label=&#8221;Header&#8221; _builder_version=&#8221;4.7.6&#8243; background_enable_color=&#8221;off&#8221; background_enable_image=&#8221;off&#8221; parallax=&#8221;on&#8221; custom_padding=&#8221;0vw||0||false|false&#8221; bottom_divider_style=&#8221;slant2&#8243; bottom_divider_color=&#8221;#000000&#8243; bottom_divider_height=&#8221;14px&#8221; background_size__hover=&#8221;cover&#8221; background_size__hover_enabled=&#8221;cover&#8221;][et_pb_row _builder_version=&#8221;4.7.6&#8243; _module_preset=&#8221;default&#8221;][et_pb_column type=&#8221;4_4&#8243; _builder_version=&#8221;4.7.6&#8243; _module_preset=&#8221;default&#8221;][et_pb_text _builder_version=&#8221;4.7.6&#8243; _module_preset=&#8221;default&#8221; header_font=&#8221;|700||on|||||&#8221; header_text_align=&#8221;center&#8221; header_text_color=&#8221;#ffffff&#8221; header_font_size=&#8221;55px&#8221; header_letter_spacing=&#8221;4px&#8221; background_color=&#8221;#000000&#8243; transform_scale=&#8221;144%|144%&#8221; custom_padding=&#8221;3px|||||&#8221;] portugues [\/et_pb_text][\/et_pb_column][\/et_pb_row][\/et_pb_section][et_pb_section fb_built=&#8221;1&#8243; _builder_version=&#8221;4.7.6&#8243; _module_preset=&#8221;default&#8221;][et_pb_row _builder_version=&#8221;4.7.6&#8243; _module_preset=&#8221;default&#8221; custom_padding=&#8221;48px|||||&#8221;][et_pb_column type=&#8221;4_4&#8243; _builder_version=&#8221;4.7.6&#8243; _module_preset=&#8221;default&#8221;][et_pb_button button_url=&#8221;https:\/\/maxlingu.com\/&#8221; button_text=&#8221;Regresar&#8221; button_alignment=&#8221;left&#8221; _builder_version=&#8221;4.7.6&#8243; _module_preset=&#8221;default&#8221;][\/et_pb_button][\/et_pb_column][\/et_pb_row][\/et_pb_section][et_pb_section fb_built=&#8221;1&#8243; specialty=&#8221;on&#8221; _builder_version=&#8221;4.7.6&#8243; _module_preset=&#8221;default&#8221;][et_pb_column type=&#8221;1_2&#8243; _builder_version=&#8221;3.25&#8243; custom_padding=&#8221;|||&#8221; custom_padding__hover=&#8221;|||&#8221;][et_pb_text _builder_version=&#8221;4.7.6&#8243; _module_preset=&#8221;default&#8221; background_color=&#8221;rgba(0,0,0,0)&#8221; [&hellip;]<\/p>\n","protected":false},"author":1,"featured_media":0,"parent":0,"menu_order":0,"comment_status":"closed","ping_status":"closed","template":"","meta":{"_et_pb_use_builder":"on","_et_pb_old_content":"","_et_gb_content_width":"","footnotes":""},"class_list":["post-1734","page","type-page","status-publish","hentry"],"_links":{"self":[{"href":"https:\/\/maxlingu.com\/index.php\/wp-json\/wp\/v2\/pages\/1734","targetHints":{"allow":["GET"]}}],"collection":[{"href":"https:\/\/maxlingu.com\/index.php\/wp-json\/wp\/v2\/pages"}],"about":[{"href":"https:\/\/maxlingu.com\/index.php\/wp-json\/wp\/v2\/types\/page"}],"author":[{"embeddable":true,"href":"https:\/\/maxlingu.com\/index.php\/wp-json\/wp\/v2\/users\/1"}],"replies":[{"embeddable":true,"href":"https:\/\/maxlingu.com\/index.php\/wp-json\/wp\/v2\/comments?post=1734"}],"version-history":[{"count":31,"href":"https:\/\/maxlingu.com\/index.php\/wp-json\/wp\/v2\/pages\/1734\/revisions"}],"predecessor-version":[{"id":2549,"href":"https:\/\/maxlingu.com\/index.php\/wp-json\/wp\/v2\/pages\/1734\/revisions\/2549"}],"wp:attachment":[{"href":"https:\/\/maxlingu.com\/index.php\/wp-json\/wp\/v2\/media?parent=1734"}],"curies":[{"name":"wp","href":"https:\/\/api.w.org\/{rel}","templated":true}]}}