{"id":1410,"date":"2020-12-14T15:11:48","date_gmt":"2020-12-14T15:11:48","guid":{"rendered":"http:\/\/maxlingu.com\/?page_id=1410"},"modified":"2025-01-20T20:11:28","modified_gmt":"2025-01-20T20:11:28","slug":"home","status":"publish","type":"page","link":"https:\/\/maxlingu.com\/","title":{"rendered":"Home"},"content":{"rendered":"<p>[et_pb_section fb_built=&#8221;1&#8243; _builder_version=&#8221;4.7.6&#8243; _module_preset=&#8221;default&#8221; background_color=&#8221;rgba(0,0,0,0)&#8221; use_background_color_gradient=&#8221;on&#8221; background_color_gradient_start=&#8221;rgba(0,0,0,0)&#8221; background_color_gradient_end=&#8221;rgba(0,0,0,0)&#8221; background_image=&#8221;http:\/\/maxlingu.com\/wp-content\/uploads\/2020\/12\/habitos-para-realizar-estudios-online.jpeg&#8221; custom_padding=&#8221;||14px|2px||&#8221;][et_pb_row column_structure=&#8221;1_2,1_2&#8243; _builder_version=&#8221;4.7.6&#8243; _module_preset=&#8221;default&#8221; custom_padding=&#8221;52px||0px|0px||&#8221; custom_margin=&#8221;|auto|-66px|auto||&#8221;][et_pb_column type=&#8221;1_2&#8243; _builder_version=&#8221;4.7.6&#8243; _module_preset=&#8221;default&#8221;][et_pb_text _builder_version=&#8221;4.7.6&#8243; _module_preset=&#8221;default&#8221; text_font=&#8221;|600|||||||&#8221; text_text_color=&#8221;#ffffff&#8221; text_font_size=&#8221;16px&#8221; header_font=&#8221;|600|||||||&#8221; header_text_color=&#8221;#ffffff&#8221; header_font_size=&#8221;38px&#8221; header_letter_spacing=&#8221;4px&#8221; header_line_height=&#8221;1.2em&#8221; custom_margin=&#8221;-13px|||||&#8221; custom_padding=&#8221;||76px|0px||&#8221; header_text_shadow_style=&#8221;preset2&#8243;]<\/p>\n<h1 style=\"text-align: left;\"><strong>Explora el mundo de los idiomas a tu medida&#8230;<\/strong><\/h1>\n<p>[\/et_pb_text][\/et_pb_column][et_pb_column type=&#8221;1_2&#8243; _builder_version=&#8221;4.7.6&#8243; _module_preset=&#8221;default&#8221;][\/et_pb_column][\/et_pb_row][\/et_pb_section][et_pb_section fb_built=&#8221;1&#8243; _builder_version=&#8221;4.7.6&#8243; _module_preset=&#8221;default&#8221; background_color=&#8221;#000000&#8243; custom_padding=&#8221;65px||70px|||&#8221;][et_pb_row _builder_version=&#8221;4.7.6&#8243; _module_preset=&#8221;default&#8221; width=&#8221;81%&#8221; max_width=&#8221;1337px&#8221; module_alignment=&#8221;center&#8221;][et_pb_column type=&#8221;4_4&#8243; _builder_version=&#8221;4.7.6&#8243; _module_preset=&#8221;default&#8221;][et_pb_button button_url=&#8221;http:\/\/campusvitual.maxlingu.com\/?redirect=0&#8243; button_text=&#8221;INGRESE AL CAMPUS VIRTUAL&#8221; button_alignment=&#8221;center&#8221; _builder_version=&#8221;4.7.6&#8243; _module_preset=&#8221;default&#8221; custom_button=&#8221;on&#8221; button_text_size=&#8221;32px&#8221; button_text_color=&#8221;#7cda24&#8243; button_bg_color=&#8221;rgba(0,0,0,0)&#8221; button_border_radius=&#8221;16px&#8221; button_icon=&#8221;%%40%%&#8221; custom_padding=&#8221;0px||9px|||&#8221;][\/et_pb_button][\/et_pb_column][\/et_pb_row][\/et_pb_section][et_pb_section fb_built=&#8221;1&#8243; _builder_version=&#8221;4.7.6&#8243; _module_preset=&#8221;default&#8221; custom_margin=&#8221;9px|||||&#8221; custom_padding=&#8221;||3px|||&#8221;][et_pb_row column_structure=&#8221;1_3,1_3,1_3&#8243; _builder_version=&#8221;4.7.6&#8243; _module_preset=&#8221;default&#8221; custom_margin=&#8221;-11px|auto||auto||&#8221; custom_padding=&#8221;45px|||||&#8221;][et_pb_column type=&#8221;1_3&#8243; _builder_version=&#8221;4.7.6&#8243; _module_preset=&#8221;default&#8221;][et_pb_blurb title=&#8221;Sin clausula de permanencia&#8221; use_icon=&#8221;on&#8221; font_icon=&#8221;%%139%%&#8221; icon_color=&#8221;#8f8f8f&#8221; content_max_width=&#8221;423px&#8221; _builder_version=&#8221;4.7.6&#8243; _module_preset=&#8221;default&#8221; header_level=&#8221;h2&#8243; header_font=&#8221;|600||on|||||&#8221; header_text_align=&#8221;center&#8221; header_text_color=&#8221;#7cda24&#8243; header_font_size=&#8221;20px&#8221; module_alignment=&#8221;center&#8221;]<\/p>\n<p>&nbsp;<\/p>\n<p>&nbsp;<\/p>\n<p>[\/et_pb_blurb][\/et_pb_column][et_pb_column type=&#8221;1_3&#8243; _builder_version=&#8221;4.7.6&#8243; _module_preset=&#8221;default&#8221;][et_pb_blurb title=&#8221;seguimiento personalizado&#8221; use_icon=&#8221;on&#8221; font_icon=&#8221;%%259%%&#8221; icon_color=&#8221;#7cda24&#8243; content_max_width=&#8221;423px&#8221; _builder_version=&#8221;4.7.6&#8243; _module_preset=&#8221;default&#8221; header_level=&#8221;h2&#8243; header_font=&#8221;|600||on|||||&#8221; header_text_align=&#8221;center&#8221; header_text_color=&#8221;#7cda24&#8243; header_font_size=&#8221;20px&#8221; module_alignment=&#8221;center&#8221; custom_padding=&#8221;|||14px||&#8221;]<\/p>\n<p>&nbsp;<\/p>\n<p>&nbsp;<\/p>\n<p>[\/et_pb_blurb][\/et_pb_column][et_pb_column type=&#8221;1_3&#8243; _builder_version=&#8221;4.7.6&#8243; _module_preset=&#8221;default&#8221;][et_pb_blurb title=&#8221;profesores calificados&#8221; use_icon=&#8221;on&#8221; font_icon=&#8221;%%151%%&#8221; icon_color=&#8221;#8f8f8f&#8221; content_max_width=&#8221;423px&#8221; _builder_version=&#8221;4.7.6&#8243; _module_preset=&#8221;default&#8221; header_level=&#8221;h2&#8243; header_font=&#8221;|600||on|||||&#8221; header_text_align=&#8221;center&#8221; header_text_color=&#8221;#7cda24&#8243; header_font_size=&#8221;20px&#8221; module_alignment=&#8221;center&#8221;]<\/p>\n<p>&nbsp;<\/p>\n<p>&nbsp;<\/p>\n<p>[\/et_pb_blurb][\/et_pb_column][\/et_pb_row][\/et_pb_section][et_pb_section fb_built=&#8221;1&#8243; admin_label=&#8221;FAQ&#8221; _builder_version=&#8221;4.7.6&#8243; background_color=&#8221;#000000&#8243; custom_margin=&#8221;-56px|||||&#8221; custom_padding=&#8221;0px|2px||5px||&#8221; top_divider_color=&#8221;#1a1844&#8243; top_divider_flip=&#8221;horizontal&#8221; top_divider_arrangement=&#8221;above_content&#8221; bottom_divider_color=&#8221;#1a1844&#8243; bottom_divider_arrangement=&#8221;above_content&#8221;][et_pb_row _builder_version=&#8221;3.25&#8243; custom_margin=&#8221;12px|auto||auto||&#8221;][et_pb_column type=&#8221;4_4&#8243; _builder_version=&#8221;3.25&#8243; custom_padding=&#8221;|||&#8221; custom_padding__hover=&#8221;|||&#8221;][et_pb_text _builder_version=&#8221;3.27.4&#8243; text_font=&#8221;||||||||&#8221; header_font=&#8221;||||||||&#8221; header_2_font=&#8221;Lato|700|||||||&#8221; header_2_font_size=&#8221;52px&#8221; header_2_line_height=&#8221;1.2em&#8221; text_orientation=&#8221;center&#8221; background_layout=&#8221;dark&#8221; custom_margin=&#8221;16px|||||&#8221; custom_padding=&#8221;76px||22px|||&#8221; header_2_font_size_tablet=&#8221;&#8221; header_2_font_size_phone=&#8221;36px&#8221; header_2_font_size_last_edited=&#8221;on|phone&#8221; locked=&#8221;off&#8221;]<\/p>\n<h2>Preguntas Frecuentes<\/h2>\n<p>[\/et_pb_text][et_pb_divider color=&#8221;#7cda24&#8243; divider_weight=&#8221;5px&#8221; _builder_version=&#8221;4.7.6&#8243; max_width=&#8221;120px&#8221; module_alignment=&#8221;center&#8221; locked=&#8221;off&#8221;][\/et_pb_divider][\/et_pb_column][\/et_pb_row][et_pb_row column_structure=&#8221;1_2,1_2&#8243; _builder_version=&#8221;4.7.6&#8243; custom_margin=&#8221;|13px||auto||&#8221; custom_padding=&#8221;||36px|0px||&#8221;][et_pb_column type=&#8221;1_2&#8243; _builder_version=&#8221;3.25&#8243; custom_padding=&#8221;|||&#8221; custom_padding__hover=&#8221;|||&#8221;][et_pb_toggle title=&#8221;\u00bfCu\u00e1nta experiencia tienen en la ense\u00f1anza de los idiomas?&#8221; open_toggle_background_color=&#8221;rgba(0,0,0,0)&#8221; closed_toggle_background_color=&#8221;rgba(0,0,0,0)&#8221; icon_color=&#8221;rgba(255,255,255,0.12)&#8221; _builder_version=&#8221;4.7.6&#8243; title_text_color=&#8221;#ffffff&#8221; title_font=&#8221;Lato|700|||||||&#8221; title_font_size=&#8221;14px&#8221; title_line_height=&#8221;1.8em&#8221; body_font=&#8221;Raleway||||||||&#8221; body_text_color=&#8221;#ffffff&#8221; body_font_size=&#8221;16px&#8221; body_line_height=&#8221;1.8em&#8221; custom_margin=&#8221;|6px|0px|6px||true&#8221; custom_padding=&#8221;|10px||10px||true&#8221; title_font_size_tablet=&#8221;16px&#8221; title_font_size_last_edited=&#8221;off|desktop&#8221; border_width_all=&#8221;0px&#8221; border_width_bottom=&#8221;1px&#8221; border_color_bottom=&#8221;rgba(255,255,255,0.15)&#8221;]<\/p>\n<p style=\"text-align: left;\">A la fecha contamos con m\u00e1s de 12 a\u00f1os de experiencia direccionada a la ense\u00f1anza y aprendizaje de segundas lenguas.<\/p>\n<p>[\/et_pb_toggle][et_pb_toggle title=&#8221;\u00bfLos registros se adecuan a los estandares del Marco Com\u00fan Europeo?&#8221; open_toggle_background_color=&#8221;rgba(0,0,0,0)&#8221; closed_toggle_background_color=&#8221;rgba(0,0,0,0)&#8221; icon_color=&#8221;rgba(255,255,255,0.12)&#8221; _builder_version=&#8221;3.17.2&#8243; title_text_color=&#8221;#ffffff&#8221; title_font=&#8221;Lato|700|||||||&#8221; title_font_size=&#8221;14px&#8221; title_line_height=&#8221;1.8em&#8221; body_font=&#8221;Raleway||||||||&#8221; body_text_color=&#8221;#ffffff&#8221; body_font_size=&#8221;16px&#8221; body_line_height=&#8221;1.8em&#8221; custom_margin=&#8221;|8px|0px|||&#8221; custom_padding=&#8221;|17px||17px||true&#8221; title_font_size_tablet=&#8221;16px&#8221; title_font_size_last_edited=&#8221;off|desktop&#8221; border_width_all=&#8221;0px&#8221; border_width_bottom=&#8221;1px&#8221; border_color_bottom=&#8221;rgba(255,255,255,0.15)&#8221;]<\/p>\n<p style=\"text-align: justify;\">S\u00ed, todos nuestros programas, en particular los direccionados a la ense\u00f1anza del idioma ingl\u00e9s, se encuentran enmarcados en los est\u00e1ndares del Marco Com\u00fan Europ\u00e9o\u00a0<span>de Referencia para las lenguas: Aprendizaje, Ense\u00f1anza y Evaluaci\u00f3n.<\/span><\/p>\n<p>[\/et_pb_toggle][et_pb_toggle title=&#8221;\u00bfManejan clausula de permanencia?&#8221; open_toggle_background_color=&#8221;rgba(0,0,0,0)&#8221; closed_toggle_background_color=&#8221;rgba(0,0,0,0)&#8221; icon_color=&#8221;rgba(255,255,255,0.12)&#8221; _builder_version=&#8221;3.17.2&#8243; title_text_color=&#8221;#ffffff&#8221; title_font=&#8221;Lato|700|||||||&#8221; title_font_size=&#8221;14px&#8221; title_line_height=&#8221;1.8em&#8221; body_font=&#8221;Raleway||||||||&#8221; body_text_color=&#8221;#ffffff&#8221; body_font_size=&#8221;16px&#8221; body_line_height=&#8221;1.8em&#8221; custom_margin=&#8221;||0px|&#8221; custom_padding=&#8221;|15px||15px||true&#8221; title_font_size_tablet=&#8221;16px&#8221; title_font_size_last_edited=&#8221;off|desktop&#8221; border_width_all=&#8221;0px&#8221; border_width_bottom=&#8221;1px&#8221; border_color_bottom=&#8221;rgba(255,255,255,0.15)&#8221;]<\/p>\n<p style=\"text-align: justify;\">No, sin embargo todos nuestros estudiantes deben estar a paz y salvo para poder continuar con sus liveles de formaci\u00f3n y la obtenci\u00f3n de sus certificados acad\u00e9micos.\u00a0<\/p>\n<p>[\/et_pb_toggle][\/et_pb_column][et_pb_column type=&#8221;1_2&#8243; _builder_version=&#8221;3.25&#8243; custom_padding=&#8221;|||&#8221; custom_padding__hover=&#8221;|||&#8221;][et_pb_toggle title=&#8221;\u00bfQu\u00e9 precio tienen los programas?&#8221; open_toggle_background_color=&#8221;rgba(0,0,0,0)&#8221; closed_toggle_background_color=&#8221;rgba(0,0,0,0)&#8221; icon_color=&#8221;rgba(255,255,255,0.12)&#8221; _builder_version=&#8221;4.7.6&#8243; title_text_color=&#8221;#ffffff&#8221; title_font=&#8221;Lato|700|||||||&#8221; title_font_size=&#8221;14px&#8221; title_line_height=&#8221;1.8em&#8221; body_font=&#8221;Raleway||||||||&#8221; body_text_color=&#8221;#ffffff&#8221; body_font_size=&#8221;16px&#8221; body_line_height=&#8221;1.8em&#8221; custom_margin=&#8221;||0px|6px||&#8221; custom_padding=&#8221;|30px||30px||true&#8221; title_font_size_tablet=&#8221;16px&#8221; title_font_size_last_edited=&#8221;off|desktop&#8221; border_width_all=&#8221;0px&#8221; border_width_bottom=&#8221;1px&#8221; border_color_bottom=&#8221;rgba(255,255,255,0.15)&#8221;]<\/p>\n<p>Nuestra hora de formaci\u00f3n, con acceso a clases personalizadas en vivo y acceso a nuestro campus virtual 24\/7 es de 60.000 pesos colombianos. A partir de all\u00ed tu escojes cu\u00e1nto puedes pagar.\u00a0<\/p>\n<p>[\/et_pb_toggle][et_pb_toggle title=&#8221;\u00bfQu\u00e9 metodolog\u00eda utilizan para las clases?&#8221; open_toggle_background_color=&#8221;rgba(0,0,0,0)&#8221; closed_toggle_background_color=&#8221;rgba(0,0,0,0)&#8221; icon_color=&#8221;rgba(255,255,255,0.12)&#8221; _builder_version=&#8221;4.7.6&#8243; title_text_color=&#8221;#ffffff&#8221; title_font=&#8221;Lato|700|||||||&#8221; title_font_size=&#8221;14px&#8221; title_line_height=&#8221;1.8em&#8221; body_font=&#8221;Raleway||||||||&#8221; body_text_color=&#8221;#ffffff&#8221; body_font_size=&#8221;16px&#8221; body_line_height=&#8221;1.8em&#8221; custom_margin=&#8221;|-24px|0px|||&#8221; custom_padding=&#8221;|35px||35px||true&#8221; title_font_size_tablet=&#8221;16px&#8221; title_font_size_last_edited=&#8221;off|desktop&#8221; border_width_all=&#8221;0px&#8221; border_width_bottom=&#8221;1px&#8221; border_color_bottom=&#8221;rgba(255,255,255,0.15)&#8221;]<\/p>\n<p>Todos nuestros programos pueden ser recibidos de manera online.<\/p>\n<p>[\/et_pb_toggle][\/et_pb_column][\/et_pb_row][\/et_pb_section]<\/p>\n","protected":false},"excerpt":{"rendered":"<p>[et_pb_section fb_built=&#8221;1&#8243; _builder_version=&#8221;4.7.6&#8243; _module_preset=&#8221;default&#8221; background_color=&#8221;rgba(0,0,0,0)&#8221; use_background_color_gradient=&#8221;on&#8221; background_color_gradient_start=&#8221;rgba(0,0,0,0)&#8221; background_color_gradient_end=&#8221;rgba(0,0,0,0)&#8221; background_image=&#8221;http:\/\/maxlingu.com\/wp-content\/uploads\/2020\/12\/habitos-para-realizar-estudios-online.jpeg&#8221; custom_padding=&#8221;||14px|2px||&#8221;][et_pb_row column_structure=&#8221;1_2,1_2&#8243; _builder_version=&#8221;4.7.6&#8243; _module_preset=&#8221;default&#8221; custom_padding=&#8221;52px||0px|0px||&#8221; custom_margin=&#8221;|auto|-66px|auto||&#8221;][et_pb_column type=&#8221;1_2&#8243; _builder_version=&#8221;4.7.6&#8243; _module_preset=&#8221;default&#8221;][et_pb_text _builder_version=&#8221;4.7.6&#8243; _module_preset=&#8221;default&#8221; text_font=&#8221;|600|||||||&#8221; text_text_color=&#8221;#ffffff&#8221; text_font_size=&#8221;16px&#8221; header_font=&#8221;|600|||||||&#8221; header_text_color=&#8221;#ffffff&#8221; header_font_size=&#8221;38px&#8221; header_letter_spacing=&#8221;4px&#8221; header_line_height=&#8221;1.2em&#8221; custom_margin=&#8221;-13px|||||&#8221; custom_padding=&#8221;||76px|0px||&#8221; header_text_shadow_style=&#8221;preset2&#8243;] Explora el mundo de los idiomas a tu medida&#8230; [\/et_pb_text][\/et_pb_column][et_pb_column type=&#8221;1_2&#8243; _builder_version=&#8221;4.7.6&#8243; _module_preset=&#8221;default&#8221;][\/et_pb_column][\/et_pb_row][\/et_pb_section][et_pb_section fb_built=&#8221;1&#8243; _builder_version=&#8221;4.7.6&#8243; _module_preset=&#8221;default&#8221; background_color=&#8221;#000000&#8243; custom_padding=&#8221;65px||70px|||&#8221;][et_pb_row _builder_version=&#8221;4.7.6&#8243; _module_preset=&#8221;default&#8221; width=&#8221;81%&#8221; max_width=&#8221;1337px&#8221; module_alignment=&#8221;center&#8221;][et_pb_column type=&#8221;4_4&#8243; [&hellip;]<\/p>\n","protected":false},"author":1,"featured_media":0,"parent":0,"menu_order":0,"comment_status":"closed","ping_status":"closed","template":"","meta":{"_et_pb_use_builder":"on","_et_pb_old_content":"","_et_gb_content_width":"","footnotes":""},"class_list":["post-1410","page","type-page","status-publish","hentry"],"_links":{"self":[{"href":"https:\/\/maxlingu.com\/index.php\/wp-json\/wp\/v2\/pages\/1410","targetHints":{"allow":["GET"]}}],"collection":[{"href":"https:\/\/maxlingu.com\/index.php\/wp-json\/wp\/v2\/pages"}],"about":[{"href":"https:\/\/maxlingu.com\/index.php\/wp-json\/wp\/v2\/types\/page"}],"author":[{"embeddable":true,"href":"https:\/\/maxlingu.com\/index.php\/wp-json\/wp\/v2\/users\/1"}],"replies":[{"embeddable":true,"href":"https:\/\/maxlingu.com\/index.php\/wp-json\/wp\/v2\/comments?post=1410"}],"version-history":[{"count":98,"href":"https:\/\/maxlingu.com\/index.php\/wp-json\/wp\/v2\/pages\/1410\/revisions"}],"predecessor-version":[{"id":2608,"href":"https:\/\/maxlingu.com\/index.php\/wp-json\/wp\/v2\/pages\/1410\/revisions\/2608"}],"wp:attachment":[{"href":"https:\/\/maxlingu.com\/index.php\/wp-json\/wp\/v2\/media?parent=1410"}],"curies":[{"name":"wp","href":"https:\/\/api.w.org\/{rel}","templated":true}]}}